{"id":96,"date":"2025-06-30T15:30:12","date_gmt":"2025-06-30T13:30:12","guid":{"rendered":"https:\/\/cyclorail.com\/?page_id=96"},"modified":"2025-06-30T15:31:38","modified_gmt":"2025-06-30T13:31:38","slug":"archive-2","status":"publish","type":"page","link":"https:\/\/cyclorail.com\/de\/archive-2\/","title":{"rendered":"Archive 2"},"content":{"rendered":"<div class=\"kb-gallery-wrap-id-1057_566589-ff alignnone wp-block-kadence-advancedgallery\">\n<ul class=\"kb-gallery-ul kb-gallery-non-static kb-gallery-type-grid kb-gallery-id-1057_566589-ff kb-gallery-caption-style-bottom-hover kb-gallery-filter-none kb-gallery-magnific-init\" data-image-filter=\"none\" data-item-selector=\".kadence-blocks-gallery-item\" data-lightbox-caption=\"true\" data-columns-xxl=\"6\" data-columns-xl=\"6\" data-columns-md=\"6\" data-columns-sm=\"3\" data-columns-xs=\"3\" data-columns-ss=\"2\">\n<li class=\"kadence-blocks-gallery-item\">\n<div class=\"kadence-blocks-gallery-item-inner\">\n<figure class=\"kb-gallery-figure kb-gallery-item-has-link kadence-blocks-gallery-item-hide-caption\">\n<div class=\"kb-gal-image-radius\">\n<div class=\"kb-gallery-image-contain kadence-blocks-gallery-intrinsic kb-gallery-image-ratio-land21 kb-has-image-ratio-land21\"><img loading=\"lazy\" decoding=\"async\" class=\"wp-image-4615\" src=\"https:\/\/web.archive.org\/web\/20250524193833im_\/https:\/\/cyclorail.com\/wp-content\/uploads\/sites\/105\/2025\/03\/IMG_0763-Large-1024x768.jpeg\" sizes=\"auto, (max-width: 1024px) 100vw, 1024px\" srcset=\"https:\/\/web.archive.org\/web\/20250524193833im_\/https:\/\/cyclorail.com\/wp-content\/uploads\/sites\/105\/2025\/03\/IMG_0763-Large-1024x768.jpeg 1024w, https:\/\/web.archive.org\/web\/20250524193833im_\/https:\/\/cyclorail.com\/wp-content\/uploads\/sites\/105\/2025\/03\/IMG_0763-Large-300x225.jpeg 300w, https:\/\/web.archive.org\/web\/20250524193833im_\/https:\/\/cyclorail.com\/wp-content\/uploads\/sites\/105\/2025\/03\/IMG_0763-Large-768x576.jpeg 768w, https:\/\/web.archive.org\/web\/20250524193833im_\/https:\/\/cyclorail.com\/wp-content\/uploads\/sites\/105\/2025\/03\/IMG_0763-Large-16x12.jpeg 16w, https:\/\/web.archive.org\/web\/20250524193833im_\/https:\/\/cyclorail.com\/wp-content\/uploads\/sites\/105\/2025\/03\/IMG_0763-Large.jpeg 1280w\" alt=\"\" width=\"1024\" height=\"768\" data-full-image=\"https:\/\/web.archive.org\/web\/20250524193833\/https:\/\/cyclorail.com\/wp-content\/uploads\/sites\/105\/2025\/03\/IMG_0763-Large.jpeg\" data-light-image=\"https:\/\/web.archive.org\/web\/20250524193833\/https:\/\/cyclorail.com\/wp-content\/uploads\/sites\/105\/2025\/03\/IMG_0763-Large.jpeg\" data-id=\"4615\" \/><\/div>\n<\/div>\n<\/figure>\n<\/div>\n<\/li>\n<li class=\"kadence-blocks-gallery-item\">\n<div class=\"kadence-blocks-gallery-item-inner\">\n<figure class=\"kb-gallery-figure kb-gallery-item-has-link kadence-blocks-gallery-item-hide-caption\">\n<div class=\"kb-gal-image-radius\">\n<div class=\"kb-gallery-image-contain kadence-blocks-gallery-intrinsic kb-gallery-image-ratio-land21 kb-has-image-ratio-land21\"><img loading=\"lazy\" decoding=\"async\" class=\"wp-image-3763\" src=\"https:\/\/cyclorail.com\/wp-content\/uploads\/sites\/29\/2025\/06\/cyclorail2.bilois_103.jpg\" sizes=\"auto, (max-width: 700px) 100vw, 700px\" srcset=\"https:\/\/cyclorail.com\/wp-content\/uploads\/sites\/29\/2025\/06\/cyclorail2.bilois_103.jpg 700w, https:\/\/cyclorail.com\/wp-content\/uploads\/sites\/29\/2025\/06\/1_cyclorail2.bilois_103-300x214.jpg 300w, https:\/\/cyclorail.com\/wp-content\/uploads\/sites\/29\/2025\/06\/1_cyclorail2.bilois_103-18x12.jpg 18w, https:\/\/cyclorail.com\/wp-content\/uploads\/sites\/29\/2025\/06\/cyclorail2.bilois_103-20x14.jpg 20w\" alt=\"\" width=\"700\" height=\"500\" data-full-image=\"https:\/\/web.archive.org\/web\/20250524193833\/https:\/\/cyclorail.com\/wp-content\/uploads\/sites\/105\/2007\/04\/cyclorail2.bilois_103.jpg\" data-light-image=\"https:\/\/web.archive.org\/web\/20250524193833\/https:\/\/cyclorail.com\/wp-content\/uploads\/sites\/105\/2007\/04\/cyclorail2.bilois_103.jpg\" data-id=\"3763\" \/><\/div>\n<\/div>\n<\/figure>\n<\/div>\n<\/li>\n<li class=\"kadence-blocks-gallery-item\">\n<div class=\"kadence-blocks-gallery-item-inner\">\n<figure class=\"kb-gallery-figure kb-gallery-item-has-link kadence-blocks-gallery-item-hide-caption\">\n<div class=\"kb-gal-image-radius\">\n<div class=\"kb-gallery-image-contain kadence-blocks-gallery-intrinsic kb-gallery-image-ratio-land21 kb-has-image-ratio-land21\"><img loading=\"lazy\" decoding=\"async\" class=\"wp-image-3738\" src=\"https:\/\/cyclorail.com\/wp-content\/uploads\/sites\/29\/2025\/06\/cyclorail2.bilois_97.jpg\" sizes=\"auto, (max-width: 450px) 100vw, 450px\" srcset=\"https:\/\/cyclorail.com\/wp-content\/uploads\/sites\/29\/2025\/06\/cyclorail2.bilois_97.jpg 450w, https:\/\/cyclorail.com\/wp-content\/uploads\/sites\/29\/2025\/06\/1_cyclorail2.bilois_97-300x195.jpg 300w, https:\/\/cyclorail.com\/wp-content\/uploads\/sites\/29\/2025\/06\/1_cyclorail2.bilois_97-18x12.jpg 18w, https:\/\/cyclorail.com\/wp-content\/uploads\/sites\/29\/2025\/06\/cyclorail2.bilois_97-20x13.jpg 20w\" alt=\"\" width=\"450\" height=\"293\" data-full-image=\"https:\/\/web.archive.org\/web\/20250524193833\/https:\/\/cyclorail.com\/wp-content\/uploads\/sites\/105\/2010\/09\/cyclorail2.bilois_97.jpg\" data-light-image=\"https:\/\/web.archive.org\/web\/20250524193833\/https:\/\/cyclorail.com\/wp-content\/uploads\/sites\/105\/2010\/09\/cyclorail2.bilois_97.jpg\" data-id=\"3738\" \/><\/div>\n<\/div>\n<\/figure>\n<\/div>\n<\/li>\n<li class=\"kadence-blocks-gallery-item\">\n<div class=\"kadence-blocks-gallery-item-inner\">\n<figure class=\"kb-gallery-figure kb-gallery-item-has-link kadence-blocks-gallery-item-hide-caption\">\n<div class=\"kb-gal-image-radius\">\n<div class=\"kb-gallery-image-contain kadence-blocks-gallery-intrinsic kb-gallery-image-ratio-land21 kb-has-image-ratio-land21\"><img loading=\"lazy\" decoding=\"async\" class=\"wp-image-3686\" src=\"https:\/\/cyclorail.com\/wp-content\/uploads\/sites\/29\/2025\/06\/1_cyclorail2.bilois_img_0398-1024x765.jpg\" sizes=\"auto, (max-width: 1024px) 100vw, 1024px\" srcset=\"https:\/\/cyclorail.com\/wp-content\/uploads\/sites\/29\/2025\/06\/1_cyclorail2.bilois_img_0398-1024x765.jpg 1024w, https:\/\/cyclorail.com\/wp-content\/uploads\/sites\/29\/2025\/06\/1_cyclorail2.bilois_img_0398-300x224.jpg 300w, https:\/\/cyclorail.com\/wp-content\/uploads\/sites\/29\/2025\/06\/1_cyclorail2.bilois_img_0398-768x574.jpg 768w, https:\/\/cyclorail.com\/wp-content\/uploads\/sites\/29\/2025\/06\/1_cyclorail2.bilois_img_0398-16x12.jpg 16w, https:\/\/cyclorail.com\/wp-content\/uploads\/sites\/29\/2025\/06\/cyclorail2.bilois_img_0398-20x15.jpg 20w, https:\/\/cyclorail.com\/wp-content\/uploads\/sites\/29\/2025\/06\/cyclorail2.bilois_img_0398.jpg 1371w\" alt=\"\" width=\"1024\" height=\"765\" data-full-image=\"https:\/\/web.archive.org\/web\/20250524193833\/https:\/\/cyclorail.com\/wp-content\/uploads\/sites\/105\/2013\/04\/cyclorail2.bilois_img_0398.jpg\" data-light-image=\"https:\/\/web.archive.org\/web\/20250524193833\/https:\/\/cyclorail.com\/wp-content\/uploads\/sites\/105\/2013\/04\/cyclorail2.bilois_img_0398.jpg\" data-id=\"3686\" \/><\/div>\n<\/div>\n<\/figure>\n<\/div>\n<\/li>\n<li class=\"kadence-blocks-gallery-item\">\n<div class=\"kadence-blocks-gallery-item-inner\">\n<figure class=\"kb-gallery-figure kb-gallery-item-has-link kadence-blocks-gallery-item-hide-caption\">\n<div class=\"kb-gal-image-radius\">\n<div class=\"kb-gallery-image-contain kadence-blocks-gallery-intrinsic kb-gallery-image-ratio-land21 kb-has-image-ratio-land21\"><img loading=\"lazy\" decoding=\"async\" class=\"wp-image-3754\" src=\"https:\/\/cyclorail.com\/wp-content\/uploads\/sites\/29\/2025\/06\/cyclorail2.bilois_84.jpg\" sizes=\"auto, (max-width: 700px) 100vw, 700px\" srcset=\"https:\/\/cyclorail.com\/wp-content\/uploads\/sites\/29\/2025\/06\/cyclorail2.bilois_84.jpg 700w, https:\/\/cyclorail.com\/wp-content\/uploads\/sites\/29\/2025\/06\/1_cyclorail2.bilois_84-300x214.jpg 300w, https:\/\/cyclorail.com\/wp-content\/uploads\/sites\/29\/2025\/06\/1_cyclorail2.bilois_84-18x12.jpg 18w, https:\/\/cyclorail.com\/wp-content\/uploads\/sites\/29\/2025\/06\/cyclorail2.bilois_84-20x14.jpg 20w\" alt=\"\" width=\"700\" height=\"500\" data-full-image=\"https:\/\/web.archive.org\/web\/20250524193833\/https:\/\/cyclorail.com\/wp-content\/uploads\/sites\/105\/2007\/04\/cyclorail2.bilois_84.jpg\" data-light-image=\"https:\/\/web.archive.org\/web\/20250524193833\/https:\/\/cyclorail.com\/wp-content\/uploads\/sites\/105\/2007\/04\/cyclorail2.bilois_84.jpg\" data-id=\"3754\" \/><\/div>\n<\/div>\n<\/figure>\n<\/div>\n<\/li>\n<li class=\"kadence-blocks-gallery-item\">\n<div class=\"kadence-blocks-gallery-item-inner\">\n<figure class=\"kb-gallery-figure kb-gallery-item-has-link kadence-blocks-gallery-item-hide-caption\">\n<div class=\"kb-gal-image-radius\">\n<div class=\"kb-gallery-image-contain kadence-blocks-gallery-intrinsic kb-gallery-image-ratio-land21 kb-has-image-ratio-land21\"><img loading=\"lazy\" decoding=\"async\" class=\"wp-image-3761\" src=\"https:\/\/cyclorail.com\/wp-content\/uploads\/sites\/29\/2025\/06\/cyclorail2.bilois_93.jpg\" sizes=\"auto, (max-width: 700px) 100vw, 700px\" srcset=\"https:\/\/cyclorail.com\/wp-content\/uploads\/sites\/29\/2025\/06\/cyclorail2.bilois_93.jpg 700w, https:\/\/cyclorail.com\/wp-content\/uploads\/sites\/29\/2025\/06\/1_cyclorail2.bilois_93-300x214.jpg 300w, https:\/\/cyclorail.com\/wp-content\/uploads\/sites\/29\/2025\/06\/1_cyclorail2.bilois_93-18x12.jpg 18w, https:\/\/cyclorail.com\/wp-content\/uploads\/sites\/29\/2025\/06\/cyclorail2.bilois_93-20x14.jpg 20w\" alt=\"\" width=\"700\" height=\"500\" data-full-image=\"https:\/\/web.archive.org\/web\/20250524193833\/https:\/\/cyclorail.com\/wp-content\/uploads\/sites\/105\/2007\/04\/cyclorail2.bilois_93.jpg\" data-light-image=\"https:\/\/web.archive.org\/web\/20250524193833\/https:\/\/cyclorail.com\/wp-content\/uploads\/sites\/105\/2007\/04\/cyclorail2.bilois_93.jpg\" data-id=\"3761\" \/><\/div>\n<\/div>\n<\/figure>\n<\/div>\n<\/li>\n<li class=\"kadence-blocks-gallery-item\">\n<div class=\"kadence-blocks-gallery-item-inner\">\n<figure class=\"kb-gallery-figure kb-gallery-item-has-link kadence-blocks-gallery-item-hide-caption\">\n<div class=\"kb-gal-image-radius\">\n<div class=\"kb-gallery-image-contain kadence-blocks-gallery-intrinsic kb-gallery-image-ratio-land21 kb-has-image-ratio-land21\"><img loading=\"lazy\" decoding=\"async\" class=\"wp-image-3764\" src=\"https:\/\/cyclorail.com\/wp-content\/uploads\/sites\/29\/2025\/06\/cyclorail2.bilois_104.jpg\" sizes=\"auto, (max-width: 700px) 100vw, 700px\" srcset=\"https:\/\/cyclorail.com\/wp-content\/uploads\/sites\/29\/2025\/06\/cyclorail2.bilois_104.jpg 700w, https:\/\/cyclorail.com\/wp-content\/uploads\/sites\/29\/2025\/06\/1_cyclorail2.bilois_104-300x214.jpg 300w, https:\/\/cyclorail.com\/wp-content\/uploads\/sites\/29\/2025\/06\/1_cyclorail2.bilois_104-18x12.jpg 18w, https:\/\/cyclorail.com\/wp-content\/uploads\/sites\/29\/2025\/06\/cyclorail2.bilois_104-20x14.jpg 20w\" alt=\"\" width=\"700\" height=\"500\" data-full-image=\"https:\/\/web.archive.org\/web\/20250524193833\/https:\/\/cyclorail.com\/wp-content\/uploads\/sites\/105\/2007\/04\/cyclorail2.bilois_104.jpg\" data-light-image=\"https:\/\/web.archive.org\/web\/20250524193833\/https:\/\/cyclorail.com\/wp-content\/uploads\/sites\/105\/2007\/04\/cyclorail2.bilois_104.jpg\" data-id=\"3764\" \/><\/div>\n<\/div>\n<\/figure>\n<\/div>\n<\/li>\n<li class=\"kadence-blocks-gallery-item\">\n<div class=\"kadence-blocks-gallery-item-inner\">\n<figure class=\"kb-gallery-figure kb-gallery-item-has-link kadence-blocks-gallery-item-hide-caption\">\n<div class=\"kb-gal-image-radius\">\n<div class=\"kb-gallery-image-contain kadence-blocks-gallery-intrinsic kb-gallery-image-ratio-land21 kb-has-image-ratio-land21\"><img loading=\"lazy\" decoding=\"async\" class=\"wp-image-3767\" src=\"https:\/\/cyclorail.com\/wp-content\/uploads\/sites\/29\/2025\/06\/cyclorail2.bilois_111.jpg\" sizes=\"auto, (max-width: 700px) 100vw, 700px\" srcset=\"https:\/\/cyclorail.com\/wp-content\/uploads\/sites\/29\/2025\/06\/cyclorail2.bilois_111.jpg 700w, https:\/\/cyclorail.com\/wp-content\/uploads\/sites\/29\/2025\/06\/1_cyclorail2.bilois_111-300x214.jpg 300w, https:\/\/cyclorail.com\/wp-content\/uploads\/sites\/29\/2025\/06\/1_cyclorail2.bilois_111-18x12.jpg 18w, https:\/\/cyclorail.com\/wp-content\/uploads\/sites\/29\/2025\/06\/cyclorail2.bilois_111-20x14.jpg 20w\" alt=\"\" width=\"700\" height=\"500\" data-full-image=\"https:\/\/web.archive.org\/web\/20250524193833\/https:\/\/cyclorail.com\/wp-content\/uploads\/sites\/105\/2007\/04\/cyclorail2.bilois_111.jpg\" data-light-image=\"https:\/\/web.archive.org\/web\/20250524193833\/https:\/\/cyclorail.com\/wp-content\/uploads\/sites\/105\/2007\/04\/cyclorail2.bilois_111.jpg\" data-id=\"3767\" \/><\/div>\n<\/div>\n<\/figure>\n<\/div>\n<\/li>\n<li class=\"kadence-blocks-gallery-item\">\n<div class=\"kadence-blocks-gallery-item-inner\">\n<figure class=\"kb-gallery-figure kb-gallery-item-has-link kadence-blocks-gallery-item-hide-caption\">\n<div class=\"kb-gal-image-radius\">\n<div class=\"kb-gallery-image-contain kadence-blocks-gallery-intrinsic kb-gallery-image-ratio-land21 kb-has-image-ratio-land21\"><img loading=\"lazy\" decoding=\"async\" class=\"wp-image-3882\" src=\"https:\/\/cyclorail.com\/wp-content\/uploads\/sites\/29\/2025\/06\/b-20080912-03-fr805.jpg\" sizes=\"auto, (max-width: 700px) 100vw, 700px\" srcset=\"https:\/\/cyclorail.com\/wp-content\/uploads\/sites\/29\/2025\/06\/b-20080912-03-fr805.jpg 700w, https:\/\/cyclorail.com\/wp-content\/uploads\/sites\/29\/2025\/06\/1_b-20080912-03-fr805-300x200.jpg 300w, https:\/\/cyclorail.com\/wp-content\/uploads\/sites\/29\/2025\/06\/1_b-20080912-03-fr805-18x12.jpg 18w, https:\/\/cyclorail.com\/wp-content\/uploads\/sites\/29\/2025\/06\/b-20080912-03-fr805-20x13.jpg 20w\" alt=\"\" width=\"700\" height=\"467\" data-full-image=\"https:\/\/web.archive.org\/web\/20250524193833\/https:\/\/cyclorail.com\/wp-content\/uploads\/sites\/105\/2007\/04\/b-20080912-03-fr805.jpg\" data-light-image=\"https:\/\/web.archive.org\/web\/20250524193833\/https:\/\/cyclorail.com\/wp-content\/uploads\/sites\/105\/2007\/04\/b-20080912-03-fr805.jpg\" data-id=\"3882\" \/><\/div>\n<\/div>\n<\/figure>\n<\/div>\n<\/li>\n<li class=\"kadence-blocks-gallery-item\">\n<div class=\"kadence-blocks-gallery-item-inner\">\n<figure class=\"kb-gallery-figure kb-gallery-item-has-link kadence-blocks-gallery-item-hide-caption\">\n<div class=\"kb-gal-image-radius\">\n<div class=\"kb-gallery-image-contain kadence-blocks-gallery-intrinsic kb-gallery-image-ratio-land21 kb-has-image-ratio-land21\"><img loading=\"lazy\" decoding=\"async\" class=\"wp-image-3890\" src=\"https:\/\/cyclorail.com\/wp-content\/uploads\/sites\/29\/2025\/06\/velorail-ponterambourg-800.jpg\" sizes=\"auto, (max-width: 800px) 100vw, 800px\" srcset=\"https:\/\/cyclorail.com\/wp-content\/uploads\/sites\/29\/2025\/06\/velorail-ponterambourg-800.jpg 800w, https:\/\/cyclorail.com\/wp-content\/uploads\/sites\/29\/2025\/06\/1_velorail-ponterambourg-800-300x225.jpg 300w, https:\/\/cyclorail.com\/wp-content\/uploads\/sites\/29\/2025\/06\/1_velorail-ponterambourg-800-768x576.jpg 768w, https:\/\/cyclorail.com\/wp-content\/uploads\/sites\/29\/2025\/06\/1_velorail-ponterambourg-800-16x12.jpg 16w, https:\/\/cyclorail.com\/wp-content\/uploads\/sites\/29\/2025\/06\/velorail-ponterambourg-800-20x15.jpg 20w\" alt=\"\" width=\"800\" height=\"600\" data-full-image=\"https:\/\/web.archive.org\/web\/20250524193833\/https:\/\/cyclorail.com\/wp-content\/uploads\/sites\/105\/2007\/04\/velorail-ponterambourg-800.jpg\" data-light-image=\"https:\/\/web.archive.org\/web\/20250524193833\/https:\/\/cyclorail.com\/wp-content\/uploads\/sites\/105\/2007\/04\/velorail-ponterambourg-800.jpg\" data-id=\"3890\" \/><\/div>\n<\/div>\n<\/figure>\n<\/div>\n<\/li>\n<li class=\"kadence-blocks-gallery-item\">\n<div class=\"kadence-blocks-gallery-item-inner\">\n<figure class=\"kb-gallery-figure kb-gallery-item-has-link kadence-blocks-gallery-item-hide-caption\">\n<div class=\"kb-gal-image-radius\">\n<div class=\"kb-gallery-image-contain kadence-blocks-gallery-intrinsic kb-gallery-image-ratio-land21 kb-has-image-ratio-land21\"><img loading=\"lazy\" decoding=\"async\" class=\"wp-image-4275\" src=\"https:\/\/cyclorail.com\/wp-content\/uploads\/sites\/29\/2025\/06\/image_50447105-1024x768.jpg\" sizes=\"auto, (max-width: 1024px) 100vw, 1024px\" srcset=\"https:\/\/cyclorail.com\/wp-content\/uploads\/sites\/29\/2025\/06\/image_50447105-1024x768.jpg 1024w, https:\/\/cyclorail.com\/wp-content\/uploads\/sites\/29\/2025\/06\/image_50447105-300x225.jpg 300w, https:\/\/cyclorail.com\/wp-content\/uploads\/sites\/29\/2025\/06\/image_50447105-768x576.jpg 768w, https:\/\/cyclorail.com\/wp-content\/uploads\/sites\/29\/2025\/06\/image_50447105-16x12.jpg 16w, https:\/\/cyclorail.com\/wp-content\/uploads\/sites\/29\/2025\/06\/image_50447105-20x15.jpg 20w, https:\/\/cyclorail.com\/wp-content\/uploads\/sites\/29\/2025\/06\/image_50447105.jpg 1200w\" alt=\"\" width=\"1024\" height=\"768\" data-full-image=\"https:\/\/web.archive.org\/web\/20250524193833\/https:\/\/cyclorail.com\/wp-content\/uploads\/sites\/105\/2023\/07\/image_50447105.jpeg\" data-light-image=\"https:\/\/web.archive.org\/web\/20250524193833\/https:\/\/cyclorail.com\/wp-content\/uploads\/sites\/105\/2023\/07\/image_50447105.jpeg\" data-id=\"4275\" \/><\/div>\n<\/div>\n<\/figure>\n<\/div>\n<\/li>\n<li class=\"kadence-blocks-gallery-item\">\n<div class=\"kadence-blocks-gallery-item-inner\">\n<figure class=\"kb-gallery-figure kb-gallery-item-has-link kadence-blocks-gallery-item-hide-caption\">\n<div class=\"kb-gal-image-radius\">\n<div class=\"kb-gallery-image-contain kadence-blocks-gallery-intrinsic kb-gallery-image-ratio-land21 kb-has-image-ratio-land21\"><img loading=\"lazy\" decoding=\"async\" class=\"wp-image-3760\" src=\"https:\/\/cyclorail.com\/wp-content\/uploads\/sites\/29\/2025\/06\/cyclorail2.bilois_90.jpg\" sizes=\"auto, (max-width: 700px) 100vw, 700px\" srcset=\"https:\/\/cyclorail.com\/wp-content\/uploads\/sites\/29\/2025\/06\/cyclorail2.bilois_90.jpg 700w, https:\/\/cyclorail.com\/wp-content\/uploads\/sites\/29\/2025\/06\/1_cyclorail2.bilois_90-300x214.jpg 300w, https:\/\/cyclorail.com\/wp-content\/uploads\/sites\/29\/2025\/06\/1_cyclorail2.bilois_90-18x12.jpg 18w, https:\/\/cyclorail.com\/wp-content\/uploads\/sites\/29\/2025\/06\/cyclorail2.bilois_90-20x14.jpg 20w\" alt=\"\" width=\"700\" height=\"500\" data-full-image=\"https:\/\/web.archive.org\/web\/20250524193833\/https:\/\/cyclorail.com\/wp-content\/uploads\/sites\/105\/2007\/04\/cyclorail2.bilois_90.jpg\" data-light-image=\"https:\/\/web.archive.org\/web\/20250524193833\/https:\/\/cyclorail.com\/wp-content\/uploads\/sites\/105\/2007\/04\/cyclorail2.bilois_90.jpg\" data-id=\"3760\" \/><\/div>\n<\/div>\n<\/figure>\n<\/div>\n<\/li>\n<li class=\"kadence-blocks-gallery-item\">\n<div class=\"kadence-blocks-gallery-item-inner\">\n<figure class=\"kb-gallery-figure kb-gallery-item-has-link kadence-blocks-gallery-item-hide-caption\">\n<div class=\"kb-gal-image-radius\">\n<div class=\"kb-gallery-image-contain kadence-blocks-gallery-intrinsic kb-gallery-image-ratio-land21 kb-has-image-ratio-land21\"><img loading=\"lazy\" decoding=\"async\" class=\"wp-image-4614\" src=\"https:\/\/web.archive.org\/web\/20250524193833im_\/https:\/\/cyclorail.com\/wp-content\/uploads\/sites\/105\/2025\/03\/IMG_0939-Large-1024x768.jpeg\" sizes=\"auto, (max-width: 1024px) 100vw, 1024px\" srcset=\"https:\/\/web.archive.org\/web\/20250524193833im_\/https:\/\/cyclorail.com\/wp-content\/uploads\/sites\/105\/2025\/03\/IMG_0939-Large-1024x768.jpeg 1024w, https:\/\/web.archive.org\/web\/20250524193833im_\/https:\/\/cyclorail.com\/wp-content\/uploads\/sites\/105\/2025\/03\/IMG_0939-Large-300x225.jpeg 300w, https:\/\/web.archive.org\/web\/20250524193833im_\/https:\/\/cyclorail.com\/wp-content\/uploads\/sites\/105\/2025\/03\/IMG_0939-Large-768x576.jpeg 768w, https:\/\/web.archive.org\/web\/20250524193833im_\/https:\/\/cyclorail.com\/wp-content\/uploads\/sites\/105\/2025\/03\/IMG_0939-Large-16x12.jpeg 16w, https:\/\/web.archive.org\/web\/20250524193833im_\/https:\/\/cyclorail.com\/wp-content\/uploads\/sites\/105\/2025\/03\/IMG_0939-Large.jpeg 1280w\" alt=\"\" width=\"1024\" height=\"768\" data-full-image=\"https:\/\/web.archive.org\/web\/20250524193833\/https:\/\/cyclorail.com\/wp-content\/uploads\/sites\/105\/2025\/03\/IMG_0939-Large.jpeg\" data-light-image=\"https:\/\/web.archive.org\/web\/20250524193833\/https:\/\/cyclorail.com\/wp-content\/uploads\/sites\/105\/2025\/03\/IMG_0939-Large.jpeg\" data-id=\"4614\" \/><\/div>\n<\/div>\n<\/figure>\n<\/div>\n<\/li>\n<li class=\"kadence-blocks-gallery-item\">\n<div class=\"kadence-blocks-gallery-item-inner\">\n<figure class=\"kb-gallery-figure kb-gallery-item-has-link kadence-blocks-gallery-item-hide-caption\">\n<div class=\"kb-gal-image-radius\">\n<div class=\"kb-gallery-image-contain kadence-blocks-gallery-intrinsic kb-gallery-image-ratio-land21 kb-has-image-ratio-land21\"><img loading=\"lazy\" decoding=\"async\" class=\"wp-image-4274\" src=\"https:\/\/cyclorail.com\/wp-content\/uploads\/sites\/29\/2025\/06\/image_67178241-768x1024.jpg\" sizes=\"auto, (max-width: 768px) 100vw, 768px\" srcset=\"https:\/\/cyclorail.com\/wp-content\/uploads\/sites\/29\/2025\/06\/image_67178241-768x1024.jpg 768w, https:\/\/cyclorail.com\/wp-content\/uploads\/sites\/29\/2025\/06\/image_67178241-225x300.jpg 225w, https:\/\/cyclorail.com\/wp-content\/uploads\/sites\/29\/2025\/06\/image_67178241-1152x1536.jpg 1152w, https:\/\/cyclorail.com\/wp-content\/uploads\/sites\/29\/2025\/06\/image_67178241-9x12.jpg 9w, https:\/\/cyclorail.com\/wp-content\/uploads\/sites\/29\/2025\/06\/image_67178241-15x20.jpg 15w, https:\/\/cyclorail.com\/wp-content\/uploads\/sites\/29\/2025\/06\/image_67178241.jpg 1200w\" alt=\"\" width=\"768\" height=\"1024\" data-full-image=\"https:\/\/web.archive.org\/web\/20250524193833\/https:\/\/cyclorail.com\/wp-content\/uploads\/sites\/105\/2023\/07\/image_67178241.jpeg\" data-light-image=\"https:\/\/web.archive.org\/web\/20250524193833\/https:\/\/cyclorail.com\/wp-content\/uploads\/sites\/105\/2023\/07\/image_67178241.jpeg\" data-id=\"4274\" \/><\/div>\n<\/div>\n<\/figure>\n<\/div>\n<\/li>\n<li class=\"kadence-blocks-gallery-item\">\n<div class=\"kadence-blocks-gallery-item-inner\">\n<figure class=\"kb-gallery-figure kb-gallery-item-has-link kadence-blocks-gallery-item-hide-caption\">\n<div class=\"kb-gal-image-radius\">\n<div class=\"kb-gallery-image-contain kadence-blocks-gallery-intrinsic kb-gallery-image-ratio-land21 kb-has-image-ratio-land21\"><img loading=\"lazy\" decoding=\"async\" class=\"wp-image-4612\" src=\"https:\/\/web.archive.org\/web\/20250524193833im_\/https:\/\/cyclorail.com\/wp-content\/uploads\/sites\/105\/2025\/03\/IMG_0947-Large-1024x768.jpeg\" sizes=\"auto, (max-width: 1024px) 100vw, 1024px\" srcset=\"https:\/\/web.archive.org\/web\/20250524193833im_\/https:\/\/cyclorail.com\/wp-content\/uploads\/sites\/105\/2025\/03\/IMG_0947-Large-1024x768.jpeg 1024w, https:\/\/web.archive.org\/web\/20250524193833im_\/https:\/\/cyclorail.com\/wp-content\/uploads\/sites\/105\/2025\/03\/IMG_0947-Large-300x225.jpeg 300w, https:\/\/web.archive.org\/web\/20250524193833im_\/https:\/\/cyclorail.com\/wp-content\/uploads\/sites\/105\/2025\/03\/IMG_0947-Large-768x576.jpeg 768w, https:\/\/web.archive.org\/web\/20250524193833im_\/https:\/\/cyclorail.com\/wp-content\/uploads\/sites\/105\/2025\/03\/IMG_0947-Large-16x12.jpeg 16w, https:\/\/web.archive.org\/web\/20250524193833im_\/https:\/\/cyclorail.com\/wp-content\/uploads\/sites\/105\/2025\/03\/IMG_0947-Large.jpeg 1280w\" alt=\"\" width=\"1024\" height=\"768\" data-full-image=\"https:\/\/web.archive.org\/web\/20250524193833\/https:\/\/cyclorail.com\/wp-content\/uploads\/sites\/105\/2025\/03\/IMG_0947-Large.jpeg\" data-light-image=\"https:\/\/web.archive.org\/web\/20250524193833\/https:\/\/cyclorail.com\/wp-content\/uploads\/sites\/105\/2025\/03\/IMG_0947-Large.jpeg\" data-id=\"4612\" \/><\/div>\n<\/div>\n<\/figure>\n<\/div>\n<\/li>\n<\/ul>\n<\/div>\n<div class=\"kb-row-layout-wrap kb-row-layout-id4363_642e35-b1 alignnone wp-block-kadence-rowlayout\">\n<div class=\"kt-row-column-wrap kt-has-1-columns kt-row-layout-equal kt-tab-layout-inherit kt-mobile-layout-row kt-row-valign-top\">\n<div class=\"wp-block-kadence-column kadence-column4363_109f4c-ed\">\n<div class=\"kt-inside-inner-col\">\n<div class=\"wp-block-kadence-advancedbtn kb-buttons-wrap kb-btns4363_69e800-86\"><a class=\"kb-button kt-button button kb-btn4363_9974e8-d9 kt-btn-size-standard kt-btn-width-type-full kb-btn-global-inherit kt-btn-has-text-true kt-btn-has-svg-false wp-block-button__link wp-block-kadence-singlebtn\" href=\"tel:33685228072\"><span class=\"kt-btn-inner-text\">Reservierung unter<br \/>06 85 22 80 72<\/span><\/a><\/div>\n<p class=\"kt-adv-heading4363_604bf1-94 wp-block-kadence-advancedheading has-theme-palette-6-color has-text-color has-theme-palette-8-background-color has-background\" data-kb-block=\"kb-adv-heading4363_604bf1-94\">R\u00e9servation obligatoire par t\u00e9l\u00e9phone<\/p>\n<\/div>\n<\/div>\n<\/div>\n<\/div>\n\n\n<p>\/\/<\/p>","protected":false},"excerpt":{"rendered":"<p>R\u00e9servation au06 85 22 80 72 R\u00e9servation obligatoire par t\u00e9l\u00e9phone \/\/<\/p>","protected":false},"author":1,"featured_media":0,"parent":0,"menu_order":0,"comment_status":"closed","ping_status":"closed","template":"","meta":{"_kad_blocks_custom_css":"","_kad_blocks_head_custom_js":"","_kad_blocks_body_custom_js":"","_kad_blocks_footer_custom_js":"","_kadence_starter_templates_imported_post":false,"_kad_post_transparent":"","_kad_post_title":"","_kad_post_layout":"","_kad_post_sidebar_id":"","_kad_post_content_style":"","_kad_post_vertical_padding":"","_kad_post_feature":"","_kad_post_feature_position":"","_kad_post_header":false,"_kad_post_footer":false,"_kad_post_classname":"","footnotes":""},"class_list":["post-96","page","type-page","status-publish","hentry"],"taxonomy_info":[],"featured_image_src_large":false,"author_info":{"display_name":"001wm","author_link":"https:\/\/cyclorail.com\/de\/author\/001wm\/"},"comment_info":"","_links":{"self":[{"href":"https:\/\/cyclorail.com\/de\/wp-json\/wp\/v2\/pages\/96","targetHints":{"allow":["GET"]}}],"collection":[{"href":"https:\/\/cyclorail.com\/de\/wp-json\/wp\/v2\/pages"}],"about":[{"href":"https:\/\/cyclorail.com\/de\/wp-json\/wp\/v2\/types\/page"}],"author":[{"embeddable":true,"href":"https:\/\/cyclorail.com\/de\/wp-json\/wp\/v2\/users\/1"}],"replies":[{"embeddable":true,"href":"https:\/\/cyclorail.com\/de\/wp-json\/wp\/v2\/comments?post=96"}],"version-history":[{"count":2,"href":"https:\/\/cyclorail.com\/de\/wp-json\/wp\/v2\/pages\/96\/revisions"}],"predecessor-version":[{"id":153,"href":"https:\/\/cyclorail.com\/de\/wp-json\/wp\/v2\/pages\/96\/revisions\/153"}],"wp:attachment":[{"href":"https:\/\/cyclorail.com\/de\/wp-json\/wp\/v2\/media?parent=96"}],"curies":[{"name":"wp","href":"https:\/\/api.w.org\/{rel}","templated":true}]}}